{"id":12,"date":"2026-02-04T18:03:11","date_gmt":"2026-02-04T18:03:11","guid":{"rendered":"https:\/\/priesch.at\/?page_id=12"},"modified":"2026-02-05T20:06:11","modified_gmt":"2026-02-05T20:06:11","slug":"zur-person","status":"publish","type":"page","link":"https:\/\/priesch.at\/?page_id=12","title":{"rendered":"Meine Person"},"content":{"rendered":"\n<p><\/p>\n\n\n\n<div class=\"wp-block-media-text has-media-on-the-right is-stacked-on-mobile is-vertically-aligned-top\" style=\"margin-top:var(--wp--preset--spacing--40);margin-right:0;margin-bottom:var(--wp--preset--spacing--40);margin-left:0;grid-template-columns:auto 26%\"><div class=\"wp-block-media-text__content\">\n<p>Ich bin 1970 in M\u00fcnchen geboren und lebe seit 1989 in Wien. Nach Abschluss meinesPsychologiestudiums und des psychotherapeutischen Prop\u00e4deutikums, absolvierte&nbsp;ich die Ausbildung zur Psychotherapeutin in der Methode der Katathym-imaginativen Psychotherapie in Wien.<\/p>\n\n\n\n<p>Im Rahmen meiner Ausbildung war ich 2 Jahre an einer psychiatrischen Station der Universit\u00e4tsklinik f\u00fcr Psychiatrie (<a href=\"http:\/\/psychiatrie.meduniwien.ac.at\/\" target=\"_blank\" rel=\"noreferrer noopener\">AKH Wien<\/a>) als Psychotherapeutin t\u00e4tig.<\/p>\n\n\n\n<p>Seit 2003 bin ich zur Aus\u00fcbung der Psychotherapie in eigener Praxis&nbsp;berechtigt. Zus\u00e4tzlich war ich als wissenschaftliche Mitarbeiterin unter anderem am Institut f\u00fcr <a href=\"https:\/\/www.meduniwien.ac.at\/umwelthygiene\/\" target=\"_blank\" rel=\"noreferrer noopener\">Umwelthygiene <\/a>der Universit\u00e4t Wien, der Universit\u00e4tsklinik f\u00fcr Psychatrie (AKH Wien), der Work-Life-Balance Consulting Agentur und dem Dr. Karl Kummer-Institut t\u00e4tig.<\/p>\n<\/div><figure class=\"wp-block-media-text__media\"><img loading=\"lazy\" decoding=\"async\" width=\"572\" height=\"736\" src=\"https:\/\/priesch.at\/wp-content\/uploads\/margrit_08_2019.jpg\" alt=\"Mag. Margrit Scherr-Priesch\" class=\"wp-image-93 size-full\" srcset=\"https:\/\/priesch.at\/wp-content\/uploads\/margrit_08_2019.jpg 572w, https:\/\/priesch.at\/wp-content\/uploads\/margrit_08_2019-233x300.jpg 233w\" sizes=\"auto, (max-width: 572px) 100vw, 572px\" \/><\/figure><\/div>\n\n\n\n<p style=\"border-style:none;border-width:0px;margin-top:0;margin-right:var(--wp--preset--spacing--70);margin-bottom:0;margin-left:var(--wp--preset--spacing--70)\">Ich bin Mitglied bei folgenden Fachverb\u00e4nden<\/p>\n\n\n\n<ul style=\"margin-right:var(--wp--preset--spacing--70);margin-left:var(--wp--preset--spacing--70)\" class=\"wp-block-list\">\n<li style=\"margin-right:0;margin-left:0\">\u00d6sterreichischen Gesellschaft f\u00fcr Angewandte Tiefenpsychologie und Allgemeine Psychotherapie (<a href=\"http:\/\/www.oegatap.at\/\" target=\"_blank\" rel=\"noreferrer noopener\">\u00d6GATAP<\/a>)<\/li>\n\n\n\n<li>\u00d6sterreichischer Bundesverband f\u00fcr Psychotherapie (<a href=\"http:\/\/www.psychotherapie.at\/\" target=\"_blank\" rel=\"noreferrer noopener\">\u00d6BVP<\/a>)<\/li>\n\n\n\n<li>Wiener Landesverband f\u00fcr Psychotherapie (<a href=\"http:\/\/www.psychotherapie-wlp.at\/\" target=\"_blank\" rel=\"noreferrer noopener\">WLP<\/a>)<\/li>\n\n\n\n<li>Vereinigung der \u00f6sterreichischen Psychotherapeutinnen und Psychotherapeuten (<a href=\"https:\/\/www.voepp.at\/\" target=\"_blank\" rel=\"noreferrer noopener\">V\u00d6PP<\/a>)<\/li>\n<\/ul>\n\n\n\n<p style=\"margin-right:var(--wp--preset--spacing--70);margin-left:var(--wp--preset--spacing--70)\">Allgemein beeidete und gerichtlich zertifizierte Sachverst\u00e4ndige f\u00fcr Psychotherapie<\/p>\n\n\n\n<p style=\"margin-right:var(--wp--preset--spacing--70);margin-left:var(--wp--preset--spacing--70)\">PsychotherapeutInnenliste des Bundesministeriums:&nbsp;Eintragungsnummer: 6901<\/p>\n\n\n\n<p style=\"margin-right:var(--wp--preset--spacing--70);margin-left:var(--wp--preset--spacing--70)\">DVR-Nr.: 4004801<\/p>\n","protected":false},"excerpt":{"rendered":"<p>Ich bin 1970 in M\u00fcnchen geboren und lebe seit 1989 in Wien. Nach Abschluss meinesPsychologiestudiums und des psychotherapeutischen Prop\u00e4deutikums, absolvierte&nbsp;ich die Ausbildung zur Psychotherapeutin in der Methode der Katathym-imaginativen Psychotherapie in Wien. Im Rahmen meiner Ausbildung war ich 2 Jahre an einer psychiatrischen Station der Universit\u00e4tsklinik f\u00fcr Psychiatrie (AKH Wien) als Psychotherapeutin t\u00e4tig. Seit 2003 bin ich zur Aus\u00fcbung der Psychotherapie in eigener Praxis&nbsp;berechtigt. Zus\u00e4tzlich war ich als wissenschaftliche Mitarbeiterin unter anderem am Institut f\u00fcr Umwelthygiene der Universit\u00e4t Wien, der Universit\u00e4tsklinik f\u00fcr Psychatrie (AKH Wien), der Work-Life-Balance Consulting Agentur und dem Dr. Karl Kummer-Institut t\u00e4tig. Ich bin Mitglied bei folgenden Fachverb\u00e4nden Allgemein beeidete und gerichtlich zertifizierte Sachverst\u00e4ndige f\u00fcr Psychotherapie PsychotherapeutInnenliste des Bundesministeriums:&nbsp;Eintragungsnummer: 6901 DVR-Nr.: 4004801<\/p>\n","protected":false},"author":1,"featured_media":0,"parent":0,"menu_order":0,"comment_status":"closed","ping_status":"closed","template":"","meta":{"footnotes":""},"class_list":["post-12","page","type-page","status-publish","hentry"],"_links":{"self":[{"href":"https:\/\/priesch.at\/index.php?rest_route=\/wp\/v2\/pages\/12","targetHints":{"allow":["GET"]}}],"collection":[{"href":"https:\/\/priesch.at\/index.php?rest_route=\/wp\/v2\/pages"}],"about":[{"href":"https:\/\/priesch.at\/index.php?rest_route=\/wp\/v2\/types\/page"}],"author":[{"embeddable":true,"href":"https:\/\/priesch.at\/index.php?rest_route=\/wp\/v2\/users\/1"}],"replies":[{"embeddable":true,"href":"https:\/\/priesch.at\/index.php?rest_route=%2Fwp%2Fv2%2Fcomments&post=12"}],"version-history":[{"count":13,"href":"https:\/\/priesch.at\/index.php?rest_route=\/wp\/v2\/pages\/12\/revisions"}],"predecessor-version":[{"id":102,"href":"https:\/\/priesch.at\/index.php?rest_route=\/wp\/v2\/pages\/12\/revisions\/102"}],"wp:attachment":[{"href":"https:\/\/priesch.at\/index.php?rest_route=%2Fwp%2Fv2%2Fmedia&parent=12"}],"curies":[{"name":"wp","href":"https:\/\/api.w.org\/{rel}","templated":true}]}}