{"id":22,"date":"2026-02-04T21:56:02","date_gmt":"2026-02-04T21:56:02","guid":{"rendered":"https:\/\/priesch.at\/?page_id=22"},"modified":"2026-02-05T19:40:10","modified_gmt":"2026-02-05T19:40:10","slug":"psychotherapie","status":"publish","type":"page","link":"https:\/\/priesch.at\/?page_id=22","title":{"rendered":"Psychotherapie"},"content":{"rendered":"\n<ul class=\"wp-block-list\">\n<li><a href=\"#ziele\" data-type=\"page\" data-id=\"22\">Ziele der Psychotherapie<\/a><\/li>\n\n\n\n<li><a href=\"#sinnvoll\">Wann ist Psychotherapie sinnvoll<\/a><\/li>\n\n\n\n<li><a href=\"#methode\">Methode<\/a><\/li>\n<\/ul>\n\n\n\n<hr class=\"wp-block-separator has-alpha-channel-opacity\"\/>\n\n\n\n<p id=\"ziele\"><a><\/a><strong>Psychotherapie<\/strong> allgemein hat zum Ziel, bestehende Symptome und Leidenszust\u00e4nde zu mindern oder zu beseitigen und die Reifung, Entwicklung und Gesundheit zu f\u00f6rdern.<\/p>\n\n\n\n<p>Psychotherapie kann ein Weg sein:<\/p>\n\n\n\n<ul class=\"wp-block-list\">\n<li>Wenn Sie etwas an <strong>sich selbst ver\u00e4ndern<\/strong> m\u00f6chten<br>(Selbstbewusstsein, Durchsetzungsverm\u00f6gen, Selbsterfahrung\u2026)<\/li>\n\n\n\n<li>Wenn Sie ein bestimmtes <strong>Problem in den Griff bekommen<\/strong> m\u00f6chten<br>(Schlafst\u00f6rungen, Partner- bzw. Familienkonflikte, sexuelle Probleme\u2026)<\/li>\n\n\n\n<li>Wenn Sie mit einem <strong>k\u00f6rperlichen Leiden besser zurechtkommen<\/strong> m\u00f6chten<br>(Krebs, Chorea Huntington\u2026)<\/li>\n\n\n\n<li>Wenn Sie <strong>in Ihrem Beruf besser zurecht kommen<\/strong> m\u00f6chten<br>(Leistungsf\u00e4higkeit, Burnout, Mobbing, Durchsetzungsverm\u00f6gen\u2026)<\/li>\n\n\n\n<li>Zum <strong>Ausgleich seelischer Verstimmungen<\/strong><br>(Depressionen, \u00c4ngste, Panikattacken\u2026)<\/li>\n\n\n\n<li>Zur <strong>Linderung von Schmerzen<\/strong><br>(Migr\u00e4ne, Verspannungen\u2026)<\/li>\n\n\n\n<li>Zur <strong>\u00dcberwindung von Ess-St\u00f6rungen<\/strong><br>(Bulimie, Adipositas, Anorexie\u2026)<\/li>\n\n\n\n<li>Als unterst\u00fctzende <strong>Behandlung psychosomatischer Erkrankungen<\/strong><br>(Gastritis, Ulcus, Asthma\u2026)<\/li>\n\n\n\n<li>Zur <strong>\u00dcberwindung aktueller Krisen<\/strong><br>(Scheidung, Trennungen, Todesf\u00e4lle\u2026)<\/li>\n<\/ul>\n\n\n\n<hr class=\"wp-block-separator has-alpha-channel-opacity\"\/>\n\n\n\n<h2 class=\"wp-block-heading\" id=\"sinnvoll\"><strong>Wann ist eine Psychotherapie sinnvoll?<\/strong><\/h2>\n\n\n\n<p>Psychotherapie ist immer dann sinnvoll, wenn Sie ein Anliegen&nbsp;mit einem neutralen,&nbsp;verschwiegenen Experten f\u00fcr psychische Problemstellungen kl\u00e4ren wollen. Oftmals bringt schon eine neue Sichtweise die L\u00f6sungsm\u00f6glichkeit. Pers\u00f6nliche Muster k\u00f6nnen erkennbar gemacht und dadurch ver\u00e4nderbar werden. Psychische Leidenszust\u00e4nde k\u00f6nnen besprechbar und bearbeitbar werden, vor allem&nbsp;wenn Sie das Gef\u00fchl haben Ihr Umfeld damit nicht (mehr) belasten zu wollen.<\/p>\n\n\n\n<p><strong>Angst:<\/strong>&nbsp;<br>Angst ist ein wichtiger menschlicher Gef\u00fchlszustand wie Freude, \u00c4rger oder Trauer und hat eine Signalfunktion wie Fieber oder Schmerz. Angst wird zur Krankheit, wenn sie \u00fcber einen l\u00e4ngeren Zeitraum Ihr&nbsp;Leben so stark einengt, dass Sie&nbsp;darunter leiden.<\/p>\n\n\n\n<p><strong>Burnout\/\u00dcberlastungen:<\/strong><br>Das Burnout-Syndrom beschreibt einen andauernden Zustand der totalen Ersch\u00f6pfung, sowohl k\u00f6rperlich als auch emotional. Merkmale des Burnouts sind: emotionale Ersch\u00f6pfung (M\u00fcdigkeit, Schlaflosigkeit, Krankheitsanf\u00e4lligkeit, diffuse k\u00f6rperliche Beschwerden), man erkennt sich nicht wieder (negative, zynische Einstellung gegen\u00fcber Kollegen, Kunden, Patienten, Freunden und der Familie, Schuldgef\u00fchle, R\u00fcckzug, Reduzierung und Vermeidung der Arbeit), verminderte Leistungsf\u00e4higkeit und Leistungsunzufriedenheit (Gef\u00fchl der Machtlosigkeit, Fehlende Anerkennung, Minderwertigkeitsgef\u00fchle, \u00dcberforderung), Vitale Instabilit\u00e4t (Depression, Erregbarkeit, Gehemmtheit, \u00c4ngstlichkeit, Ruhelosigkeit).<\/p>\n\n\n\n<p><strong>Depression:<\/strong><br>Die Depression im medizinischen Sinne ist eine psychische Erkrankung, die mit gedr\u00fcckter Stimmung, Freud- und Interesselosigkeit sowie Antriebsarmut einhergeht. Folgendes kann auf eine Depression hindeuten: Gef\u00fchle der Wert- oder Sinnlosigkeit, Schuldgef\u00fchle, Weinen, Appetitlosigkeit, st\u00e4ndiges Gr\u00fcbeln oder \u00c4rgern, k\u00f6rperliche Schmerzen, Unruhezust\u00e4nde, Ohnmachtsgef\u00fchle, Verlust\u00e4ngste, keine Lust (auf Essen, Intimit\u00e4t, Hobbies&#8230;)<\/p>\n\n\n\n<p><strong>Trennung\/Scheidung:<\/strong>&nbsp;<br>Eine Trennung oder Scheidung ist mit gro\u00dfen psychischen Belastungen verbunden. Wann sollten&nbsp;Sie einen unabh\u00e4ngigen neutralen Moderator hinzuziehen: Wenn Sie das Gef\u00fchl haben zu Ihrem Partner nicht mehr durchzudringen und Gespr\u00e4che nur mehr in&nbsp;Missverst\u00e4ndnissen m\u00fcnden, wenn Einigung und L\u00f6sungsfindung erschwert sind und es Ihnen nicht m\u00f6glich ist Ihre Seite der Geschichte verst\u00e4ndlich zu machen. Wenn Sie unter der Trennung so stark leiden, dass Sie alleine nicht mehr herausfinden.<\/p>\n\n\n\n<hr class=\"wp-block-separator has-alpha-channel-opacity\"\/>\n\n\n\n<h2 class=\"wp-block-heading\" id=\"methode\"><a><\/a><strong>Methode<\/strong><\/h2>\n\n\n\n<p>Die<strong>&nbsp;Katathym Imaginative Psychotherapie<\/strong>&nbsp;ist eine anerkannte, wissenschaftlich begr\u00fcndete tiefenpsychologische Behandlungsmethode. Wie andere tiefenpsychologische Verfahren auch, geht sie in ihrer Behandlungstheorie von der Bedeutsamkeit unbewusster seelischer Strukturen und Konflikte aus.<\/p>\n\n\n\n<p>Behandlungstechnisch werden herk\u00f6mmliche &nbsp;tiefenpsychologische Interventionen durch die Anwendung von sogenannten Imaginationen erg\u00e4nzt, Phantasiereisen die durch den Therapeuten angeleitet und begleitet werden,&nbsp;ein&nbsp;Erleben von inneren Bildern und Szenen in einem (mehr oder weniger) entspannten Zustand.<\/p>\n\n\n\n<p>\u201eImaginationen\u201c sind Sch\u00f6pfungen des Unbewussten und tragen zu einer L\u00f6sungsorientierung der Therapie bei, und sie k\u00f6nnen als \u201eBildersprache des Unbewussten\u201c helfen, Traumata und Konflikte zu bessern bzw.&nbsp;zu heilen oder helfen neue Konfliktl\u00f6sungsstrategien zu entwickeln.<\/p>\n\n\n\n<p>Alle auftauchenden und mit der seelischen Problematik in Zusammenhang stehenden Themen werden auf einer tiefenpsychologischen psychotherapeutischen Gespr\u00e4chsebene besprochen und durchgearbeitet einschlie\u00dflich der Beziehung zwischen PatientIn und TherapeutIn (\u201e\u00dcbertragung \u2013 Gegen\u00fcbertragung\u201c). Dabei k\u00f6nnen die biographische Vergangenheit, die Gegenwart des \u201eHier und Jetzt\u201c und zukunftsbezogenes Erleben zum Thema werden.<\/p>\n","protected":false},"excerpt":{"rendered":"<p>Psychotherapie allgemein hat zum Ziel, bestehende Symptome und Leidenszust\u00e4nde zu mindern oder zu beseitigen und die Reifung, Entwicklung und Gesundheit zu f\u00f6rdern. Psychotherapie kann ein Weg sein: Wann ist eine Psychotherapie sinnvoll? Psychotherapie ist immer dann sinnvoll, wenn Sie ein Anliegen&nbsp;mit einem neutralen,&nbsp;verschwiegenen Experten f\u00fcr psychische Problemstellungen kl\u00e4ren wollen. Oftmals bringt schon eine neue Sichtweise die L\u00f6sungsm\u00f6glichkeit. Pers\u00f6nliche Muster k\u00f6nnen erkennbar gemacht und dadurch ver\u00e4nderbar werden. Psychische Leidenszust\u00e4nde k\u00f6nnen besprechbar und bearbeitbar werden, vor allem&nbsp;wenn Sie das Gef\u00fchl haben Ihr Umfeld damit nicht (mehr) belasten zu wollen. Angst:&nbsp;Angst ist ein wichtiger menschlicher Gef\u00fchlszustand wie Freude, \u00c4rger oder Trauer und hat eine Signalfunktion wie Fieber oder Schmerz. Angst wird zur Krankheit, wenn sie \u00fcber einen l\u00e4ngeren Zeitraum Ihr&nbsp;Leben so stark einengt, dass Sie&nbsp;darunter leiden. Burnout\/\u00dcberlastungen:Das Burnout-Syndrom beschreibt einen andauernden Zustand der totalen Ersch\u00f6pfung, sowohl k\u00f6rperlich als auch emotional. Merkmale des Burnouts sind: emotionale Ersch\u00f6pfung (M\u00fcdigkeit, Schlaflosigkeit, Krankheitsanf\u00e4lligkeit, diffuse k\u00f6rperliche Beschwerden), man erkennt sich nicht wieder (negative, zynische Einstellung gegen\u00fcber Kollegen, Kunden, Patienten, Freunden und der Familie, Schuldgef\u00fchle, R\u00fcckzug, Reduzierung und Vermeidung der Arbeit), verminderte Leistungsf\u00e4higkeit und Leistungsunzufriedenheit (Gef\u00fchl der Machtlosigkeit, Fehlende Anerkennung, Minderwertigkeitsgef\u00fchle, \u00dcberforderung), Vitale Instabilit\u00e4t (Depression, Erregbarkeit, Gehemmtheit, \u00c4ngstlichkeit, Ruhelosigkeit). Depression:Die Depression im medizinischen Sinne ist eine psychische Erkrankung, die mit gedr\u00fcckter Stimmung, Freud- und Interesselosigkeit sowie Antriebsarmut einhergeht. Folgendes kann auf eine Depression hindeuten: Gef\u00fchle der Wert- oder Sinnlosigkeit, Schuldgef\u00fchle, Weinen, Appetitlosigkeit, st\u00e4ndiges Gr\u00fcbeln oder \u00c4rgern, k\u00f6rperliche Schmerzen, Unruhezust\u00e4nde, Ohnmachtsgef\u00fchle, Verlust\u00e4ngste, keine Lust (auf Essen, Intimit\u00e4t, Hobbies&#8230;) Trennung\/Scheidung:&nbsp;Eine Trennung oder Scheidung ist mit gro\u00dfen psychischen Belastungen verbunden. Wann sollten&nbsp;Sie einen unabh\u00e4ngigen neutralen Moderator hinzuziehen: Wenn Sie das Gef\u00fchl haben zu Ihrem Partner nicht mehr durchzudringen und Gespr\u00e4che nur mehr in&nbsp;Missverst\u00e4ndnissen m\u00fcnden, wenn Einigung und L\u00f6sungsfindung erschwert sind und es Ihnen nicht m\u00f6glich ist Ihre Seite der Geschichte verst\u00e4ndlich zu machen. Wenn Sie unter der Trennung so stark leiden, dass Sie alleine nicht mehr herausfinden. Methode Die&nbsp;Katathym Imaginative Psychotherapie&nbsp;ist eine anerkannte, wissenschaftlich begr\u00fcndete tiefenpsychologische Behandlungsmethode. Wie andere tiefenpsychologische Verfahren auch, geht sie in ihrer Behandlungstheorie von der Bedeutsamkeit unbewusster seelischer Strukturen und Konflikte aus. Behandlungstechnisch werden herk\u00f6mmliche &nbsp;tiefenpsychologische Interventionen durch die Anwendung von sogenannten Imaginationen erg\u00e4nzt, Phantasiereisen die durch den Therapeuten angeleitet und begleitet werden,&nbsp;ein&nbsp;Erleben von inneren Bildern und Szenen in einem (mehr oder weniger) entspannten Zustand. \u201eImaginationen\u201c sind Sch\u00f6pfungen des Unbewussten und tragen zu einer L\u00f6sungsorientierung der Therapie bei, und sie k\u00f6nnen als \u201eBildersprache des Unbewussten\u201c helfen, Traumata und Konflikte zu bessern bzw.&nbsp;zu heilen oder helfen neue Konfliktl\u00f6sungsstrategien zu entwickeln. Alle auftauchenden und mit der seelischen Problematik in Zusammenhang stehenden Themen werden auf einer tiefenpsychologischen psychotherapeutischen Gespr\u00e4chsebene besprochen und durchgearbeitet einschlie\u00dflich der Beziehung zwischen PatientIn und TherapeutIn (\u201e\u00dcbertragung \u2013 Gegen\u00fcbertragung\u201c). Dabei k\u00f6nnen die biographische Vergangenheit, die Gegenwart des \u201eHier und Jetzt\u201c und zukunftsbezogenes Erleben zum Thema werden.<\/p>\n","protected":false},"author":1,"featured_media":0,"parent":0,"menu_order":0,"comment_status":"closed","ping_status":"closed","template":"","meta":{"footnotes":""},"class_list":["post-22","page","type-page","status-publish","hentry"],"_links":{"self":[{"href":"https:\/\/priesch.at\/index.php?rest_route=\/wp\/v2\/pages\/22","targetHints":{"allow":["GET"]}}],"collection":[{"href":"https:\/\/priesch.at\/index.php?rest_route=\/wp\/v2\/pages"}],"about":[{"href":"https:\/\/priesch.at\/index.php?rest_route=\/wp\/v2\/types\/page"}],"author":[{"embeddable":true,"href":"https:\/\/priesch.at\/index.php?rest_route=\/wp\/v2\/users\/1"}],"replies":[{"embeddable":true,"href":"https:\/\/priesch.at\/index.php?rest_route=%2Fwp%2Fv2%2Fcomments&post=22"}],"version-history":[{"count":3,"href":"https:\/\/priesch.at\/index.php?rest_route=\/wp\/v2\/pages\/22\/revisions"}],"predecessor-version":[{"id":87,"href":"https:\/\/priesch.at\/index.php?rest_route=\/wp\/v2\/pages\/22\/revisions\/87"}],"wp:attachment":[{"href":"https:\/\/priesch.at\/index.php?rest_route=%2Fwp%2Fv2%2Fmedia&parent=22"}],"curies":[{"name":"wp","href":"https:\/\/api.w.org\/{rel}","templated":true}]}}