{"id":38,"date":"2026-02-05T07:37:43","date_gmt":"2026-02-05T07:37:43","guid":{"rendered":"https:\/\/priesch.at\/?page_id=38"},"modified":"2026-02-05T07:37:43","modified_gmt":"2026-02-05T07:37:43","slug":"supervision-coaching","status":"publish","type":"page","link":"https:\/\/priesch.at\/?page_id=38","title":{"rendered":"Supervision &amp; Coaching"},"content":{"rendered":"\n<h2 class=\"wp-block-heading\">Supervision<\/h2>\n\n\n\n<p>Supervision dient der systematischen und regelm\u00e4\u00dfigen Reflexion beruflichen Handelns in Arbeitsfeldern, in denen die professionelle Gestaltung zwischenmenschlicher Beziehungen die Hauptaufgabe darstellt. Vor allem in sehr belastenden Arbeitsumgebungen im psychosozialen Bereich dient eine regelm\u00e4\u00dfige Supervision der eigenen <strong>Psychohygiene<\/strong>. Das Erlernen der <strong>Selbstreflexion<\/strong> der eigenen beruflichen Arbeit als Mittel zur st\u00e4ndigen <strong>Verbesserung der eigenen Kompetenz<\/strong> und die Qualifizierung der eigenen beruflichen Professionalit\u00e4t stehen genauso im Vordergrund wie die <strong>Entlastung<\/strong> durch Besprechen der pers\u00f6nlichen Erlebnisse und der Erarbeitung eines besseren Konflikt- und Stressmanagements.<\/p>\n\n\n\n<hr class=\"wp-block-separator has-alpha-channel-opacity\"\/>\n\n\n\n<h2 class=\"wp-block-heading\"><a><\/a>Coaching<\/h2>\n\n\n\n<p>Coachingprozesse sind im Gegensatz zur Supervision immer zeitlich begrenzt und beinhalten einen st\u00e4rkeren handlungs- bzw. l\u00f6sungsorientierten Ansatz. Das Gespr\u00e4ch zielt immer auf eine <strong>F\u00f6rderung von Selbstreflexion<\/strong> und <strong>-wahrnehmung<\/strong>, von <strong>Bewusstsein<\/strong> und <strong>Verantwortung<\/strong>, und von <strong>Selbsthilfe<\/strong> \/ <strong>Selbstmanagement<\/strong> ab.<\/p>\n\n\n\n<p>Der Focus im Coaching richtet sich auf die Hilfe zur Selbsthilfe und die F\u00f6rderung von Verantwortung, Bewusstsein und Selbstreflexionsverm\u00f6gen. Ziele eines Coachingprozesses sind unter anderem: Wahrnehmung erweitern sowie Erleben und Verhalten anregen, um Ihnen Zug\u00e4nge zu individuellen L\u00f6sungen und M\u00f6glichkeiten zu \u00f6ffnen. Der Schwerpunkt des Coachingprozesses liegt nicht auf der Problemanalyse, sondern auf der <strong>L\u00f6sungsfindung<\/strong>. Generell ist Coaching als Vorbereitung f\u00fcr zuk\u00fcnftige Aufgaben ebenso begehrt wie f\u00fcr die Bearbeitung bereits (l\u00e4nger) vorhandener Probleme.<\/p>\n\n\n\n<p>\u00a0(Quelle: \u00d6sterreichischer Coaching-Dachverband, <a href=\"http:\/\/www.coachingdachverband.at\/\" target=\"_blank\" rel=\"noreferrer noopener\">http:\/\/www.coachingdachverband.at\/<\/a>)<\/p>\n\n\n\n<p><\/p>\n","protected":false},"excerpt":{"rendered":"<p>Supervision Supervision dient der systematischen und regelm\u00e4\u00dfigen Reflexion beruflichen Handelns in Arbeitsfeldern, in denen die professionelle Gestaltung zwischenmenschlicher Beziehungen die Hauptaufgabe darstellt. Vor allem in sehr belastenden Arbeitsumgebungen im psychosozialen Bereich dient eine regelm\u00e4\u00dfige Supervision der eigenen Psychohygiene. Das Erlernen der Selbstreflexion der eigenen beruflichen Arbeit als Mittel zur st\u00e4ndigen Verbesserung der eigenen Kompetenz und die Qualifizierung der eigenen beruflichen Professionalit\u00e4t stehen genauso im Vordergrund wie die Entlastung durch Besprechen der pers\u00f6nlichen Erlebnisse und der Erarbeitung eines besseren Konflikt- und Stressmanagements. Coaching Coachingprozesse sind im Gegensatz zur Supervision immer zeitlich begrenzt und beinhalten einen st\u00e4rkeren handlungs- bzw. l\u00f6sungsorientierten Ansatz. Das Gespr\u00e4ch zielt immer auf eine F\u00f6rderung von Selbstreflexion und -wahrnehmung, von Bewusstsein und Verantwortung, und von Selbsthilfe \/ Selbstmanagement ab. Der Focus im Coaching richtet sich auf die Hilfe zur Selbsthilfe und die F\u00f6rderung von Verantwortung, Bewusstsein und Selbstreflexionsverm\u00f6gen. Ziele eines Coachingprozesses sind unter anderem: Wahrnehmung erweitern sowie Erleben und Verhalten anregen, um Ihnen Zug\u00e4nge zu individuellen L\u00f6sungen und M\u00f6glichkeiten zu \u00f6ffnen. Der Schwerpunkt des Coachingprozesses liegt nicht auf der Problemanalyse, sondern auf der L\u00f6sungsfindung. Generell ist Coaching als Vorbereitung f\u00fcr zuk\u00fcnftige Aufgaben ebenso begehrt wie f\u00fcr die Bearbeitung bereits (l\u00e4nger) vorhandener Probleme. \u00a0(Quelle: \u00d6sterreichischer Coaching-Dachverband, http:\/\/www.coachingdachverband.at\/)<\/p>\n","protected":false},"author":1,"featured_media":0,"parent":0,"menu_order":0,"comment_status":"closed","ping_status":"closed","template":"","meta":{"footnotes":""},"class_list":["post-38","page","type-page","status-publish","hentry"],"_links":{"self":[{"href":"https:\/\/priesch.at\/index.php?rest_route=\/wp\/v2\/pages\/38","targetHints":{"allow":["GET"]}}],"collection":[{"href":"https:\/\/priesch.at\/index.php?rest_route=\/wp\/v2\/pages"}],"about":[{"href":"https:\/\/priesch.at\/index.php?rest_route=\/wp\/v2\/types\/page"}],"author":[{"embeddable":true,"href":"https:\/\/priesch.at\/index.php?rest_route=\/wp\/v2\/users\/1"}],"replies":[{"embeddable":true,"href":"https:\/\/priesch.at\/index.php?rest_route=%2Fwp%2Fv2%2Fcomments&post=38"}],"version-history":[{"count":1,"href":"https:\/\/priesch.at\/index.php?rest_route=\/wp\/v2\/pages\/38\/revisions"}],"predecessor-version":[{"id":39,"href":"https:\/\/priesch.at\/index.php?rest_route=\/wp\/v2\/pages\/38\/revisions\/39"}],"wp:attachment":[{"href":"https:\/\/priesch.at\/index.php?rest_route=%2Fwp%2Fv2%2Fmedia&parent=38"}],"curies":[{"name":"wp","href":"https:\/\/api.w.org\/{rel}","templated":true}]}}