{"id":40,"date":"2026-02-05T07:39:09","date_gmt":"2026-02-05T07:39:09","guid":{"rendered":"https:\/\/priesch.at\/?page_id=40"},"modified":"2026-02-05T07:40:05","modified_gmt":"2026-02-05T07:40:05","slug":"kostenerstattung","status":"publish","type":"page","link":"https:\/\/priesch.at\/?page_id=40","title":{"rendered":"Kostenerstattung"},"content":{"rendered":"\n<h2 class=\"wp-block-heading\">Psychotherapie<\/h2>\n\n\n\n<p>Volle Kosten\u00fcbernahme durch die Krankenkassen bei entsprechender psychiatrischer Diagnosestellung (au\u00dfer \u00d6GK) m\u00f6glich. Eine Terminvereinbarung ist \u00fcber das Kontaktformular einfach und schnell m\u00f6glich.<\/p>\n\n\n\n<p>Gerne k\u00f6nnen wir die Einzelheiten in der ersten Stunde besprechen.<\/p>\n\n\n\n<p>Die Formulare f\u00fcr die Einreichung erhalten Sie direkt&nbsp;bei mir.<\/p>\n\n\n\n<p>F\u00fcr <a href=\"https:\/\/priesch.at\/?page_id=38\" data-type=\"page\" data-id=\"38\">Supervision<\/a>, <a href=\"https:\/\/priesch.at\/?page_id=38\" data-type=\"page\" data-id=\"38\">Coaching<\/a>\u00a0und Selbsterfahrung ist keine Kostenerstattung durch die gesetzlichen Krankenkassen m\u00f6glich.<\/p>\n\n\n\n<p><\/p>\n","protected":false},"excerpt":{"rendered":"<p>Psychotherapie Volle Kosten\u00fcbernahme durch die Krankenkassen bei entsprechender psychiatrischer Diagnosestellung (au\u00dfer \u00d6GK) m\u00f6glich. Eine Terminvereinbarung ist \u00fcber das Kontaktformular einfach und schnell m\u00f6glich. Gerne k\u00f6nnen wir die Einzelheiten in der ersten Stunde besprechen. Die Formulare f\u00fcr die Einreichung erhalten Sie direkt&nbsp;bei mir. F\u00fcr Supervision, Coaching\u00a0und Selbsterfahrung ist keine Kostenerstattung durch die gesetzlichen Krankenkassen m\u00f6glich.<\/p>\n","protected":false},"author":1,"featured_media":0,"parent":0,"menu_order":0,"comment_status":"closed","ping_status":"closed","template":"","meta":{"footnotes":""},"class_list":["post-40","page","type-page","status-publish","hentry"],"_links":{"self":[{"href":"https:\/\/priesch.at\/index.php?rest_route=\/wp\/v2\/pages\/40","targetHints":{"allow":["GET"]}}],"collection":[{"href":"https:\/\/priesch.at\/index.php?rest_route=\/wp\/v2\/pages"}],"about":[{"href":"https:\/\/priesch.at\/index.php?rest_route=\/wp\/v2\/types\/page"}],"author":[{"embeddable":true,"href":"https:\/\/priesch.at\/index.php?rest_route=\/wp\/v2\/users\/1"}],"replies":[{"embeddable":true,"href":"https:\/\/priesch.at\/index.php?rest_route=%2Fwp%2Fv2%2Fcomments&post=40"}],"version-history":[{"count":3,"href":"https:\/\/priesch.at\/index.php?rest_route=\/wp\/v2\/pages\/40\/revisions"}],"predecessor-version":[{"id":43,"href":"https:\/\/priesch.at\/index.php?rest_route=\/wp\/v2\/pages\/40\/revisions\/43"}],"wp:attachment":[{"href":"https:\/\/priesch.at\/index.php?rest_route=%2Fwp%2Fv2%2Fmedia&parent=40"}],"curies":[{"name":"wp","href":"https:\/\/api.w.org\/{rel}","templated":true}]}}