{"id":66,"date":"2026-02-05T19:01:18","date_gmt":"2026-02-05T19:01:18","guid":{"rendered":"https:\/\/priesch.at\/?page_id=66"},"modified":"2026-02-05T19:57:18","modified_gmt":"2026-02-05T19:57:18","slug":"notfallnummern","status":"publish","type":"page","link":"https:\/\/priesch.at\/?page_id=66","title":{"rendered":"Notfallnummern"},"content":{"rendered":"\n<h2 class=\"wp-block-heading\">NOTFALLNUMMERN F\u00dcR KRISEN<\/h2>\n\n\n\n<p><a href=\"http:\/\/www.telefonseelsorge.at\/redsys\/templates\/extern_telefonseelsorge\/\">Telefonseelsorge:<\/a> Tel: 142\u00a0\u00f6sterreichweit, t\u00e4glich 0-24 Uhr<br><a href=\"https:\/\/psd-wien.at\/einrichtung\/sozialpsychiatrischer-notdienst\">Sozialpsychiatrischer Notdienst:<\/a> Tel: 01 \/ 313 30\u00a0(t\u00e4glich 0-24 Uhr)<br>Kriseninterventionszentrum Wien: \u00a0Tel: 01 \/ 406 95 95<br>Psychiatrische Notfallambulanz AKH Wien: \u00a0Tel: 01 \/ 40400-3547\u00a0<\/p>\n\n\n\n<p>ORF Rat auf Draht: \u00a0Tel: 147 (\u00f6sterreichweit , t\u00e4glich 0-24 Uhr)<br>\u00d63 Kummernummer: \u00a0Tel: 116 123 (\u00f6sterreichweit , t\u00e4glich 16-24 Uhr)<br>Essst\u00f6rungs-Hotline: \u00a0Tel: 0800 20 11 20<br>Drogen-Hotline: \u00a0Tel: 0810 \/ 20 88 77 (Anton Proksch Institut)<br>24-Stunden Frauennotruf: \u00a0Tel: 01 \/ \u00a0717 19<br>FrauenHelpLine: \u00a0Tel: 0800 \/ 222 555 \u00a0(\u00f6sterreichweit , t\u00e4glich 0-24 Uhr)<br>Opfernotruf: \u00a0Tel: 0800 112 112 \u00a0(\u00f6sterreichweit , t\u00e4glich 0-24 Uhr)<br>Notfallpsychologischer Dienst \u00d6sterreich: \u00a0Tel: 0699-188 55 400 (t\u00e4glich 0-24 Uhr)<br>Krisentelefon N\u00d6: Tel: 0800 20 20 16 (kostenfrei, t\u00e4glich 0-24 Uhr)<\/p>\n","protected":false},"excerpt":{"rendered":"<p>NOTFALLNUMMERN F\u00dcR KRISEN Telefonseelsorge: Tel: 142\u00a0\u00f6sterreichweit, t\u00e4glich 0-24 UhrSozialpsychiatrischer Notdienst: Tel: 01 \/ 313 30\u00a0(t\u00e4glich 0-24 Uhr)Kriseninterventionszentrum Wien: \u00a0Tel: 01 \/ 406 95 95Psychiatrische Notfallambulanz AKH Wien: \u00a0Tel: 01 \/ 40400-3547\u00a0 ORF Rat auf Draht: \u00a0Tel: 147 (\u00f6sterreichweit , t\u00e4glich 0-24 Uhr)\u00d63 Kummernummer: \u00a0Tel: 116 123 (\u00f6sterreichweit , t\u00e4glich 16-24 Uhr)Essst\u00f6rungs-Hotline: \u00a0Tel: 0800 20 11 20Drogen-Hotline: \u00a0Tel: 0810 \/ 20 88 77 (Anton Proksch Institut)24-Stunden Frauennotruf: \u00a0Tel: 01 \/ \u00a0717 19FrauenHelpLine: \u00a0Tel: 0800 \/ 222 555 \u00a0(\u00f6sterreichweit , t\u00e4glich 0-24 Uhr)Opfernotruf: \u00a0Tel: 0800 112 112 \u00a0(\u00f6sterreichweit , t\u00e4glich 0-24 Uhr)Notfallpsychologischer Dienst \u00d6sterreich: \u00a0Tel: 0699-188 55 400 (t\u00e4glich 0-24 Uhr)Krisentelefon N\u00d6: Tel: 0800 20 20 16 (kostenfrei, t\u00e4glich 0-24 Uhr)<\/p>\n","protected":false},"author":1,"featured_media":0,"parent":0,"menu_order":0,"comment_status":"closed","ping_status":"closed","template":"","meta":{"footnotes":""},"class_list":["post-66","page","type-page","status-publish","hentry"],"_links":{"self":[{"href":"https:\/\/priesch.at\/index.php?rest_route=\/wp\/v2\/pages\/66","targetHints":{"allow":["GET"]}}],"collection":[{"href":"https:\/\/priesch.at\/index.php?rest_route=\/wp\/v2\/pages"}],"about":[{"href":"https:\/\/priesch.at\/index.php?rest_route=\/wp\/v2\/types\/page"}],"author":[{"embeddable":true,"href":"https:\/\/priesch.at\/index.php?rest_route=\/wp\/v2\/users\/1"}],"replies":[{"embeddable":true,"href":"https:\/\/priesch.at\/index.php?rest_route=%2Fwp%2Fv2%2Fcomments&post=66"}],"version-history":[{"count":6,"href":"https:\/\/priesch.at\/index.php?rest_route=\/wp\/v2\/pages\/66\/revisions"}],"predecessor-version":[{"id":92,"href":"https:\/\/priesch.at\/index.php?rest_route=\/wp\/v2\/pages\/66\/revisions\/92"}],"wp:attachment":[{"href":"https:\/\/priesch.at\/index.php?rest_route=%2Fwp%2Fv2%2Fmedia&parent=66"}],"curies":[{"name":"wp","href":"https:\/\/api.w.org\/{rel}","templated":true}]}}